{"id":1285,"date":"2018-09-18T14:45:11","date_gmt":"2018-09-18T14:45:11","guid":{"rendered":"http:\/\/law-firm.bold-themes.com\/master-import\/?page_id=1285"},"modified":"2023-02-03T11:49:09","modified_gmt":"2023-02-03T14:49:09","slug":"clientes","status":"publish","type":"page","link":"https:\/\/www.ssll.cl\/?page_id=1285","title":{"rendered":"Clientes"},"content":{"rendered":"<section id=\"bt_bb_section6a00478f91d75\" class=\"bt_bb_section bt_bb_layout_wide bt_bb_vertical_align_top\"  data-bt-override-class=\"null\"><div class=\"bt_bb_port\"><div class=\"bt_bb_cell\"><div class=\"bt_bb_cell_inner\"><div class=\"bt_bb_row_wrapper\"><div  class=\"bt_bb_row bt_bb_layout_special btOverlapLeft\"  data-bt-override-class=\"{}\"><div  class=\"bt_bb_column col-md-6 col-sm-12 bt_bb_align_right bt_bb_animation_fade_in animate bt_bb_padding_normal bt_bb_animation_fade_in animate\"  data-width=\"6\"><div class=\"bt_bb_column_content bt_bb_vertical_align_top\"><div class=\"bt_bb_column_content_inner\"><header class=\"bt_bb_headline bt_bb_color_scheme_14 bt_bb_dash_none bt_bb_superheadline bt_bb_size_medium bt_bb_align_inherit\" style=\"; --primary-color:#1a243f; --secondary-color:#B07C4B;\" data-bt-override-class=\"{&quot;bt_bb_align_&quot;:{&quot;current_class&quot;:&quot;bt_bb_align_inherit&quot;,&quot;xl&quot;:&quot;inherit&quot;}}\"><h3 class=\"bt_bb_headline_tag\"><span class=\"bt_bb_headline_superheadline\">NUESTRO FOCO<\/span><span class=\"bt_bb_headline_content\"><span>Dar soluci\u00f3n a problem\u00e1ticas<br \/>\r\nde las <strong>Operaciones Leasing<\/strong><\/span><\/span><\/h3><\/header><div class=\"bt_bb_separator bt_bb_border_style_none bt_bb_bottom_spacing_medium\" data-bt-override-class=\"null\"><\/div><div  class=\"bt_bb_text\" ><p>Nuestro foco es dar soluci\u00f3n a las diferentes problem\u00e1ticas de las operaciones de Leasing, resolviendo requerimientos de nuestros clientes a trav\u00e9s de:<\/p>\n<\/div><div class=\"bt_bb_separator bt_bb_border_style_none bt_bb_bottom_spacing_medium\" data-bt-override-class=\"null\"><\/div><div  class=\"bt_bb_text\" ><ul>\n<li>Asesor\u00eda en materias legales y tributarias vinculadas con operaciones de Leasing.<\/li>\n<li>Asesor\u00eda en \u00e1rea inmobiliaria, institucional, comercial, empresas, grandes empresas y sucursales regionales.<\/li>\n<li>Reuniones de trabajo y de negociaci\u00f3n con clientes para estructuraci\u00f3n de operaciones que se traducen en actos o contratos de mayor complejidad consensuadas con los clientes.<\/li>\n<\/ul>\n<\/div><div class=\"bt_bb_separator bt_bb_border_style_none bt_bb_bottom_spacing_medium\" data-bt-override-class=\"null\"><\/div><div  class=\"bt_bb_row_inner\" ><div  class=\"bt_bb_column_inner col-md-6 col-sm-12 bt_bb_align_right bt_bb_vertical_align_top bt_bb_padding_normal\" style=\"background-color: rgba(255, 255, 255, 1);\" data-width=\"6\"><div class=\"bt_bb_column_inner_content\"><div class=\"bt_bb_service bt_bb_color_scheme_6 bt_bb_title_color_scheme_14 bt_bb_style_filled bt_bb_size_normal bt_bb_arrow_visible bt_bb_shape_square bt_bb_align_inherit\"><span  data-ico-icon7stroke=\"&#xe69d;\" class=\"bt_bb_icon_holder\"><\/span><div class=\"bt_bb_service_content\"><div class=\"bt_bb_service_content_title\">BANCA<\/div><div class=\"bt_bb_service_content_arrow\"><\/div><\/div><\/div><div class=\"bt_bb_separator bt_bb_border_style_none bt_bb_bottom_spacing_normal\" data-bt-override-class=\"null\"><\/div><div class=\"bt_bb_service bt_bb_color_scheme_6 bt_bb_title_color_scheme_14 bt_bb_style_filled bt_bb_size_normal bt_bb_arrow_visible bt_bb_shape_square bt_bb_align_inherit\"><span  data-ico-icon7stroke=\"&#xe68c;\" class=\"bt_bb_icon_holder\"><\/span><div class=\"bt_bb_service_content\"><div class=\"bt_bb_service_content_title\">PROVEEDORES DE ACTIVOS<\/div><div class=\"bt_bb_service_content_arrow\"><\/div><\/div><\/div><div class=\"bt_bb_separator bt_bb_border_style_none bt_bb_bottom_spacing_normal bt_bb_hidden_md bt_bb_hidden_lg\" data-bt-override-class=\"null\"><\/div><\/div><\/div><div  class=\"bt_bb_column_inner col-md-6 col-sm-12 bt_bb_align_right bt_bb_vertical_align_top bt_bb_padding_normal\" style=\"background-color: rgba(255, 255, 255, 1);\" data-width=\"6\"><div class=\"bt_bb_column_inner_content\"><div class=\"bt_bb_service bt_bb_color_scheme_6 bt_bb_title_color_scheme_14 bt_bb_style_filled bt_bb_size_normal bt_bb_arrow_visible bt_bb_shape_square bt_bb_align_inherit\"><span  data-ico-icon7stroke=\"&#xe628;\" class=\"bt_bb_icon_holder\"><\/span><div class=\"bt_bb_service_content\"><div class=\"bt_bb_service_content_title\">FINANCIERAS<\/div><div class=\"bt_bb_service_content_arrow\"><\/div><\/div><\/div><div class=\"bt_bb_separator bt_bb_border_style_none bt_bb_bottom_spacing_normal\" data-bt-override-class=\"null\"><\/div><div class=\"bt_bb_service bt_bb_color_scheme_6 bt_bb_title_color_scheme_14 bt_bb_style_filled bt_bb_size_normal bt_bb_arrow_visible bt_bb_shape_square bt_bb_align_inherit\"><span  data-ico-icon7stroke=\"&#xe693;\" class=\"bt_bb_icon_holder\"><\/span><div class=\"bt_bb_service_content\"><div class=\"bt_bb_service_content_title\">INMOBILIARIAS<\/div><div class=\"bt_bb_service_content_arrow\"><\/div><\/div><\/div><\/div><\/div><\/div><\/div><\/div><\/div><div  class=\"bt_bb_column col-md-6 col-sm-12 bt_bb_align_left bt_bb_padding_normal\"  data-width=\"6\"><div class=\"bt_bb_column_content bt_bb_vertical_align_top bt_bb_column_background_image\" style=\"background-image:url(&#039;https:\/\/www.ssll.cl\/wp-content\/uploads\/2019\/10\/inner_hero_14.jpg&#039;);\"><div class=\"bt_bb_column_content_inner\"><div class=\"bt_bb_separator bt_bb_border_style_none bt_bb_bottom_spacing_extra_large\" data-bt-override-class=\"null\"><\/div><\/div><\/div><\/div><\/div><\/div><\/div><!-- cell_inner --><\/div><!-- cell --><\/div><!-- port --><\/section>","protected":false},"excerpt":{"rendered":"","protected":false},"author":2,"featured_media":3744,"parent":0,"menu_order":0,"comment_status":"closed","ping_status":"closed","template":"","meta":[],"_links":{"self":[{"href":"https:\/\/www.ssll.cl\/index.php?rest_route=\/wp\/v2\/pages\/1285"}],"collection":[{"href":"https:\/\/www.ssll.cl\/index.php?rest_route=\/wp\/v2\/pages"}],"about":[{"href":"https:\/\/www.ssll.cl\/index.php?rest_route=\/wp\/v2\/types\/page"}],"author":[{"embeddable":true,"href":"https:\/\/www.ssll.cl\/index.php?rest_route=\/wp\/v2\/users\/2"}],"replies":[{"embeddable":true,"href":"https:\/\/www.ssll.cl\/index.php?rest_route=%2Fwp%2Fv2%2Fcomments&post=1285"}],"version-history":[{"count":6,"href":"https:\/\/www.ssll.cl\/index.php?rest_route=\/wp\/v2\/pages\/1285\/revisions"}],"predecessor-version":[{"id":3783,"href":"https:\/\/www.ssll.cl\/index.php?rest_route=\/wp\/v2\/pages\/1285\/revisions\/3783"}],"wp:featuredmedia":[{"embeddable":true,"href":"https:\/\/www.ssll.cl\/index.php?rest_route=\/wp\/v2\/media\/3744"}],"wp:attachment":[{"href":"https:\/\/www.ssll.cl\/index.php?rest_route=%2Fwp%2Fv2%2Fmedia&parent=1285"}],"curies":[{"name":"wp","href":"https:\/\/api.w.org\/{rel}","templated":true}]}}